{"id":2553,"date":"2021-09-28T12:07:03","date_gmt":"2021-09-28T12:07:03","guid":{"rendered":"https:\/\/exclusivascongost.com\/?page_id=2553"},"modified":"2021-09-28T12:10:01","modified_gmt":"2021-09-28T12:10:01","slug":"impermeabilizacion-de-techos","status":"publish","type":"page","link":"https:\/\/exclusivascongost.com\/ca\/impermeabilizacion-de-techos\/","title":{"rendered":"Impermeabilizaci\u00f3n de techos"},"content":{"rendered":"<div id=\"agni-row-45391\" class=\"section-row\" ><div class=\"section-row-bg-container section-row-bg-container-agni-row-45391\"><div class=\"section-row-bg section-row-bg-color\"  ><\/div><\/div><div class=\"container\"><div class=\"vc_row vc_row_fluid\"><div id=\"agni-column-77793\" class=\"wpb_column agni_column_container agni_column vc_column_container vc_col-sm-12\"><div class=\"agni_column-inner vc_column-inner text-left\"  ><div class=\"section-column-bg-container section-column-bg-container-agni-column-77793\" ><div class=\"section-column-bg section-column-bg-color\"  ><\/div><\/div><div class=\"wpb_wrapper\"><div class=\"agni_custom_heading page-scroll\" ><h1 class=\"vc_custom_heading agni_custom_heading_content\" style=\"text-align: center; \"><span>Impermeabilizaci\u00f3n de techos<\/span><\/h1><\/div><div class=\"agni_empty_space vc_empty_space\"  style=\"height: 32px\" data-height = \"32px\" data-height-tab = \"32px\" data-height-mobile = \"32px\"><span class=\"vc_empty_space_inner\"><\/span><\/div>\n<\/div><\/div><\/div><\/div><\/div><\/div><div id=\"agni-row-69716\" class=\"section-row\" ><div class=\"section-row-bg-container section-row-bg-container-agni-row-69716\"><div class=\"section-row-bg section-row-bg-color\"  ><\/div><\/div><div class=\"container\"><div class=\"vc_row vc_row_fluid\"><div id=\"agni-column-35316\" class=\"wpb_column agni_column_container agni_column vc_column_container vc_col-sm-6\"><div class=\"agni_column-inner vc_column-inner text-left\"  ><div class=\"section-column-bg-container section-column-bg-container-agni-column-35316\" ><div class=\"section-column-bg section-column-bg-color\"  ><\/div><\/div><div class=\"wpb_wrapper\">\n\t<div id=\"\" class=\"agni_text_column agni-text-block\"  >\n\t\t<p><span style=\"font-weight: 400;\">Si desea disfrutar de un completo servicio de <\/span><strong>impermeabilizaci\u00f3n de techos<\/strong><span style=\"font-weight: 400;\"> que evite todo tipo de humedades en su negocio o vivienda, en Exclusivas Congost contamos con los mejores impermeabilizantes del mercado y logramos unos resultados est\u00e9ticos impecables.<\/span><\/p>\n<p><span style=\"font-weight: 400;\">Todo lo que necesita para crear espacios acogedores en los que no consiga entrar la humedad incluso en \u00e9pocas de lluvias y fr\u00edo. Evite problemas de salud, est\u00e9ticos y de infraestructura con nuestros exclusivos <\/span><strong>impermeabilizantes<\/strong><b> ROBUTYLAN100<\/b><span style=\"font-weight: 400;\">.<\/span><\/p>\n<p><span style=\"font-weight: 400;\">Exclusivas Congost somos distribuidores oficiales de ROBUTYLAN100, una de las marcas m\u00e1s exclusivas del mercado con la que obtenemos resultados de alta calidad para todos nuestros clientes.<\/span><\/p>\n<p><span style=\"font-weight: 400;\">Conozca m\u00e1s sobre nuestro servicio de impermeabilizaci\u00f3n de techos ROBUTYLAN100, uno de los mejores materiales del mercado actual con el que conseguiremos \u00f3ptimos resultados para su vivienda o negocio.<\/span><\/p>\n\n\t<\/div>\n<\/div><\/div><\/div><div id=\"agni-column-64179\" class=\"wpb_column agni_column_container agni_column vc_column_container vc_col-sm-6\"><div class=\"agni_column-inner vc_column-inner text-left\"  ><div class=\"section-column-bg-container section-column-bg-container-agni-column-64179\" ><div class=\"section-column-bg section-column-bg-color\"  ><\/div><\/div><div class=\"wpb_wrapper\"><div class=\"agni-image custom-image-container text-center\">\r\n\t\t\t<figure class=\"agni-image-figure\">\r\n\t\t\t\t<img loading=\"lazy\" decoding=\"async\" style=\"\" width=\"300\" height=\"225\" src=\"https:\/\/exclusivascongost.com\/wp-content\/uploads\/2021\/09\/impermeabilizacion-de-techos-300x225.jpg\" class=\"fullwidth-image attachment-medium  attachment-medium\" alt=\"Impermeabilizaci\u00f3n de techos\" srcset=\"https:\/\/exclusivascongost.com\/wp-content\/uploads\/2021\/09\/impermeabilizacion-de-techos-300x225.jpg 300w, https:\/\/exclusivascongost.com\/wp-content\/uploads\/2021\/09\/impermeabilizacion-de-techos-1024x768.jpg 1024w, https:\/\/exclusivascongost.com\/wp-content\/uploads\/2021\/09\/impermeabilizacion-de-techos-768x576.jpg 768w, https:\/\/exclusivascongost.com\/wp-content\/uploads\/2021\/09\/impermeabilizacion-de-techos-1536x1152.jpg 1536w, https:\/\/exclusivascongost.com\/wp-content\/uploads\/2021\/09\/impermeabilizacion-de-techos-2048x1536.jpg 2048w, https:\/\/exclusivascongost.com\/wp-content\/uploads\/2021\/09\/impermeabilizacion-de-techos-16x12.jpg 16w, https:\/\/exclusivascongost.com\/wp-content\/uploads\/2021\/09\/impermeabilizacion-de-techos-960x720.jpg 960w\" sizes=\"(max-width: 300px) 100vw, 300px\" \/>\r\n\t\t\t\t<figcaption class=\"vc_figure-caption\"><\/figcaption>\r\n\t\t\t<\/figure>\r\n\t\t<\/div><div class=\"agni_empty_space vc_empty_space\"  style=\"height: 32px\" data-height = \"32px\" data-height-tab = \"32px\" data-height-mobile = \"32px\"><span class=\"vc_empty_space_inner\"><\/span><\/div>\n<div class=\"agni-button  text-center page-scroll\"><a class=\"btn btn-default\" target=\"_self\" href=\"https:\/\/exclusivascongost.com\/ca\/contacto\/\" style=\"border-radius:50px;\" >M\u00e1s informaci\u00f3n<\/a><\/div><\/div><\/div><\/div><\/div><\/div><\/div><div id=\"agni-row-27875\" class=\"section-row\" ><div class=\"section-row-bg-container section-row-bg-container-agni-row-27875\"><div class=\"section-row-bg section-row-bg-color\"  ><\/div><\/div><div class=\"container\"><div class=\"vc_row vc_row_fluid\"><div id=\"agni-column-71134\" class=\"wpb_column agni_column_container agni_column vc_column_container vc_col-sm-12\"><div class=\"agni_column-inner vc_column-inner text-left\"  ><div class=\"section-column-bg-container section-column-bg-container-agni-column-71134\" ><div class=\"section-column-bg section-column-bg-color\"  ><\/div><\/div><div class=\"wpb_wrapper\"><div class=\"agni_empty_space vc_empty_space\"  style=\"height: 32px\" data-height = \"32px\" data-height-tab = \"32px\" data-height-mobile = \"32px\"><span class=\"vc_empty_space_inner\"><\/span><\/div>\n<div class=\"agni_custom_heading page-scroll\" ><h2 class=\"vc_custom_heading agni_custom_heading_content\" style=\"text-align: center; \"><span>Empresa de impermeabilizaci\u00f3n de techos en Barcelona<\/span><\/h2><\/div><div class=\"agni_empty_space vc_empty_space\"  style=\"height: 32px\" data-height = \"32px\" data-height-tab = \"32px\" data-height-mobile = \"32px\"><span class=\"vc_empty_space_inner\"><\/span><\/div>\n\n\t<div id=\"\" class=\"agni_text_column agni-text-block\"  >\n\t\t<p><span style=\"font-weight: 400;\">Desde nuestra<\/span><a href=\"https:\/\/exclusivascongost.com\/ca\/empresa-de-impermeabilizaciones-en-barcelona\/\"> <span style=\"font-weight: 400;\">empresa de impermeabilizaciones en Barcelona<\/span><\/a><span style=\"font-weight: 400;\">, reformas y dise\u00f1o de interiores llevamos m\u00e1s de 40 a\u00f1os ayudando a nuestros clientes a hacer m\u00e1s acogedores sus hogares. Tambi\u00e9n le asesoramos para ofrecer un mayor confort a sus trabajadores en las instalaciones de su negocio.<\/span><\/p>\n<p><span style=\"font-weight: 400;\">Nuestra <\/span><b>amplia trayectoria<\/b><span style=\"font-weight: 400;\"> nos permite ofrecer una mayor tranquilidad y un asesoramiento profesional especializado sobre las diferentes soluciones en el mercado. Un gran cat\u00e1logo para lograr un \u00f3ptimo aislamiento en cualquier inmueble.<\/span><\/p>\n<p><span style=\"font-weight: 400;\">Adem\u00e1s de nuestros a\u00f1os de experiencia en el sector para ofrecerle unos acabados impecables, tambi\u00e9n nos preocupa lograr <\/span><b>resultados funcionales<\/b><span style=\"font-weight: 400;\">. ROBUTYLAN100 es un material revolucionario disponible en <\/span><b>l\u00e1minas asf\u00e1lticas y de caucho<\/b><span style=\"font-weight: 400;\"> elaborados con materias primas de alta calidad para aislar completamente todo tipo de superficies.<\/span><\/p>\n<p><span style=\"font-weight: 400;\">Otra de las ventajas que ofrecemos es que todos sus compuestos <\/span><b>no provocan efectos nocivos<\/b><span style=\"font-weight: 400;\"> sobre nuestra salud ni tampoco perjudican el medio ambiente. La alta calidad de este tipo de l\u00e1minas nos permiten que queden perfectamente adheridas a cualquier tejado o superficie.<\/span><\/p>\n<p><span style=\"font-weight: 400;\">Esto no solo evita que se filtre cualquier tipo de humedad. Sus compuestos de alta calidad le permiten ofrecer una alta resistencia al paso del tiempo e incluso a los rayos UVA. Tambi\u00e9n son unas l\u00e1minas altamente resistentes a los cambios bruscos de temperatura.&nbsp;<\/span><\/p>\n<p>&nbsp;<\/p>\n<h2 style=\"text-align: center;\"><b>Las mejores soluciones para lograr resultados que perduren en el tiempo<\/b><\/h2>\n<p><span style=\"font-weight: 400;\">En Exclusivas Congost no solo llevamos a cabo un completo servicio de <\/span><b>distribuci\u00f3n e instalaci\u00f3n <\/b><span style=\"font-weight: 400;\">de l\u00e1minas para la impermeabilizaci\u00f3n de techos. Tambi\u00e9n nos preocupamos por lograr unos <\/span><b>acabados est\u00e9ticos, modernos y ecol\u00f3gicos<\/b><span style=\"font-weight: 400;\"> que ayuden a crear nuevos espacios verdes en la ciudad aprovechando zonas muertas como los techos de casas o pisos.<\/span><\/p>\n<p><span style=\"font-weight: 400;\">Esto no solo beneficia y favorece la oxigenaci\u00f3n de grandes ciudades. Est\u00e1 demostrado que los espacios verdes ayudan a relajarnos del estr\u00e9s diario y tambi\u00e9n son un magn\u00edfico aislante natural que ayudar\u00e1 a reducir el calor en verano y el fr\u00edo del invierno.<\/span><\/p>\n<p><span style=\"font-weight: 400;\">Nos adaptamos a todo tipo de espacios para lograr \u00f3ptimos resultados en la impermeabilizaci\u00f3n de ba\u00f1os, duchas, tejados, s\u00f3tanos, canales y m\u00e1s. Esto es posible gracias a otra de las ventajas de nuestros materiales como es su <\/span><b>alta flexibilidad<\/b><span style=\"font-weight: 400;\"> y gran capacidad para quedar perfectamente adherido, evitando el riesgo de fugas.<\/span><\/p>\n<p><span style=\"font-weight: 400;\">Por si fuera poco, todos nuestros trabajos quedan <\/span><b>garantizados<\/b><span style=\"font-weight: 400;\"> con una <\/span><b>compa\u00f1\u00eda aseguradora<\/b><span style=\"font-weight: 400;\">. Todo para que pueda disfrutar de tranquilidad total y unos acabados impecables a lo largo de los a\u00f1os.<\/span><\/p>\n<p style=\"text-align: center;\"><span style=\"font-weight: 400;\">Pida informaci\u00f3n sin compromiso.<\/span><\/p>\n\n\t<\/div>\n<div class=\"agni_empty_space vc_empty_space\"  style=\"height: 32px\" data-height = \"32px\" data-height-tab = \"32px\" data-height-mobile = \"32px\"><span class=\"vc_empty_space_inner\"><\/span><\/div>\n<\/div><\/div><\/div><\/div><\/div><\/div><div id=\"agni-row-61696\" class=\"section-row\" style=\"padding-bottom: 32px; \"><div class=\"section-row-bg-container section-row-bg-container-agni-row-61696\"><div class=\"section-row-bg section-row-bg-color\"  ><\/div><\/div><div class=\"container\"><div class=\"vc_row vc_row_fluid\"><div id=\"agni-column-49611\" class=\"wpb_column agni_column_container agni_column vc_column_container vc_col-sm-4\"><div class=\"agni_column-inner vc_column-inner text-left\"  ><div class=\"section-column-bg-container section-column-bg-container-agni-column-49611\" ><div class=\"section-column-bg section-column-bg-color\"  ><\/div><\/div><div class=\"wpb_wrapper\"><\/div><\/div><\/div><div id=\"agni-column-33022\" class=\"wpb_column agni_column_container agni_column vc_column_container vc_col-sm-4\"><div class=\"agni_column-inner vc_column-inner text-center\"  ><div class=\"section-column-bg-container section-column-bg-container-agni-column-33022\" ><div class=\"section-column-bg section-column-bg-color\"  ><\/div><\/div><div class=\"wpb_wrapper\"><div class=\"agni_empty_space vc_empty_space\"  style=\"height: 32px\" data-height = \"32px\" data-height-tab = \"32px\" data-height-mobile = \"32px\"><span class=\"vc_empty_space_inner\"><\/span><\/div>\n<div class=\"agni-button  text-center page-scroll\"><a class=\"btn btn-default\" target=\"_self\" href=\"https:\/\/exclusivascongost.com\/ca\/contacto\/\" style=\"border-radius:50px;\" >M\u00e1s informaci\u00f3n<\/a><\/div><\/div><\/div><\/div><div id=\"agni-column-36656\" class=\"wpb_column agni_column_container agni_column vc_column_container vc_col-sm-4\"><div class=\"agni_column-inner vc_column-inner text-left\"  ><div class=\"section-column-bg-container section-column-bg-container-agni-column-36656\" ><div class=\"section-column-bg section-column-bg-color\"  ><\/div><\/div><div class=\"wpb_wrapper\"><\/div><\/div><\/div><\/div><\/div><\/div>","protected":false},"excerpt":{"rendered":"Impermeabilizaci\u00f3n de techos Si desea disfrutar de un completo servicio de impermeabilizaci\u00f3n de techos que evite todo tipo de humedades en su negocio o vivienda, en Exclusivas Congost contamos con los mejores impermeabilizantes del mercado y logramos unos resultados est\u00e9ticos impecables. Todo lo que necesita para crear espacios acogedores en los que no consiga entrar [...]","protected":false},"author":2,"featured_media":0,"parent":0,"menu_order":0,"comment_status":"closed","ping_status":"closed","template":"","meta":{"ngg_post_thumbnail":0,"footnotes":""},"class_list":["post-2553","page","type-page","status-publish","hentry"],"yoast_head":"<!-- This site is optimized with the Yoast SEO plugin v23.4 - https:\/\/yoast.com\/wordpress\/plugins\/seo\/ -->\n<title>\u25b7 Impermeabilizaci\u00f3n de techos \u3010 Exclusivas Congost \u3011<\/title>\n<meta name=\"description\" content=\"\u27a1 Empresa de impermeabilizaci\u00f3n de techos. Impermeabilizaci\u00f3n de alta calidad en todas las superficies. Distribuidores de ROBUTYLAN100.\" \/>\n<meta name=\"robots\" content=\"index, follow, max-snippet:-1, max-image-preview:large, max-video-preview:-1\" \/>\n<link rel=\"canonical\" href=\"https:\/\/exclusivascongost.com\/ca\/impermeabilizacion-de-techos\/\" \/>\n<meta property=\"og:locale\" content=\"ca_ES\" \/>\n<meta property=\"og:type\" content=\"article\" \/>\n<meta property=\"og:title\" content=\"\u25b7 Impermeabilizaci\u00f3n de techos \u3010 Exclusivas Congost \u3011\" \/>\n<meta property=\"og:description\" content=\"\u27a1 Empresa de impermeabilizaci\u00f3n de techos. Impermeabilizaci\u00f3n de alta calidad en todas las superficies. Distribuidores de ROBUTYLAN100.\" \/>\n<meta property=\"og:url\" content=\"https:\/\/exclusivascongost.com\/ca\/impermeabilizacion-de-techos\/\" \/>\n<meta property=\"og:site_name\" content=\"Exclusivas Congost\" \/>\n<meta property=\"article:modified_time\" content=\"2021-09-28T12:10:01+00:00\" \/>\n<meta name=\"twitter:card\" content=\"summary_large_image\" \/>\n<meta name=\"twitter:label1\" content=\"Temps estimat de lectura\" \/>\n\t<meta name=\"twitter:data1\" content=\"4 minuts\" \/>\n<script type=\"application\/ld+json\" class=\"yoast-schema-graph\">{\"@context\":\"https:\/\/schema.org\",\"@graph\":[{\"@type\":\"WebPage\",\"@id\":\"https:\/\/exclusivascongost.com\/impermeabilizacion-de-techos\/\",\"url\":\"https:\/\/exclusivascongost.com\/impermeabilizacion-de-techos\/\",\"name\":\"\u25b7 Impermeabilizaci\u00f3n de techos \u3010 Exclusivas Congost \u3011\",\"isPartOf\":{\"@id\":\"https:\/\/exclusivascongost.com\/#website\"},\"datePublished\":\"2021-09-28T12:07:03+00:00\",\"dateModified\":\"2021-09-28T12:10:01+00:00\",\"description\":\"\u27a1 Empresa de impermeabilizaci\u00f3n de techos. Impermeabilizaci\u00f3n de alta calidad en todas las superficies. Distribuidores de ROBUTYLAN100.\",\"breadcrumb\":{\"@id\":\"https:\/\/exclusivascongost.com\/impermeabilizacion-de-techos\/#breadcrumb\"},\"inLanguage\":\"ca\",\"potentialAction\":[{\"@type\":\"ReadAction\",\"target\":[\"https:\/\/exclusivascongost.com\/impermeabilizacion-de-techos\/\"]}]},{\"@type\":\"BreadcrumbList\",\"@id\":\"https:\/\/exclusivascongost.com\/impermeabilizacion-de-techos\/#breadcrumb\",\"itemListElement\":[{\"@type\":\"ListItem\",\"position\":1,\"name\":\"Portada\",\"item\":\"https:\/\/exclusivascongost.com\/\"},{\"@type\":\"ListItem\",\"position\":2,\"name\":\"Impermeabilizaci\u00f3n de techos\"}]},{\"@type\":\"WebSite\",\"@id\":\"https:\/\/exclusivascongost.com\/#website\",\"url\":\"https:\/\/exclusivascongost.com\/\",\"name\":\"Exclusivas Congost\",\"description\":\"Reformas de pisos en Granollers. \u2705 Reformas de cocina y ba\u00f1os. Colocaci\u00f3n de parquet\",\"potentialAction\":[{\"@type\":\"SearchAction\",\"target\":{\"@type\":\"EntryPoint\",\"urlTemplate\":\"https:\/\/exclusivascongost.com\/?s={search_term_string}\"},\"query-input\":{\"@type\":\"PropertyValueSpecification\",\"valueRequired\":true,\"valueName\":\"search_term_string\"}}],\"inLanguage\":\"ca\"}]}<\/script>\n<!-- \/ Yoast SEO plugin. -->","yoast_head_json":{"title":"\u25b7 Impermeabilizaci\u00f3n de techos \u3010 Exclusivas Congost \u3011","description":"\u27a1 Empresa de impermeabilizaci\u00f3n de techos. Impermeabilizaci\u00f3n de alta calidad en todas las superficies. Distribuidores de ROBUTYLAN100.","robots":{"index":"index","follow":"follow","max-snippet":"max-snippet:-1","max-image-preview":"max-image-preview:large","max-video-preview":"max-video-preview:-1"},"canonical":"https:\/\/exclusivascongost.com\/ca\/impermeabilizacion-de-techos\/","og_locale":"ca_ES","og_type":"article","og_title":"\u25b7 Impermeabilizaci\u00f3n de techos \u3010 Exclusivas Congost \u3011","og_description":"\u27a1 Empresa de impermeabilizaci\u00f3n de techos. Impermeabilizaci\u00f3n de alta calidad en todas las superficies. Distribuidores de ROBUTYLAN100.","og_url":"https:\/\/exclusivascongost.com\/ca\/impermeabilizacion-de-techos\/","og_site_name":"Exclusivas Congost","article_modified_time":"2021-09-28T12:10:01+00:00","twitter_card":"summary_large_image","twitter_misc":{"Temps estimat de lectura":"4 minuts"},"schema":{"@context":"https:\/\/schema.org","@graph":[{"@type":"WebPage","@id":"https:\/\/exclusivascongost.com\/impermeabilizacion-de-techos\/","url":"https:\/\/exclusivascongost.com\/impermeabilizacion-de-techos\/","name":"\u25b7 Impermeabilizaci\u00f3n de techos \u3010 Exclusivas Congost \u3011","isPartOf":{"@id":"https:\/\/exclusivascongost.com\/#website"},"datePublished":"2021-09-28T12:07:03+00:00","dateModified":"2021-09-28T12:10:01+00:00","description":"\u27a1 Empresa de impermeabilizaci\u00f3n de techos. Impermeabilizaci\u00f3n de alta calidad en todas las superficies. Distribuidores de ROBUTYLAN100.","breadcrumb":{"@id":"https:\/\/exclusivascongost.com\/impermeabilizacion-de-techos\/#breadcrumb"},"inLanguage":"ca","potentialAction":[{"@type":"ReadAction","target":["https:\/\/exclusivascongost.com\/impermeabilizacion-de-techos\/"]}]},{"@type":"BreadcrumbList","@id":"https:\/\/exclusivascongost.com\/impermeabilizacion-de-techos\/#breadcrumb","itemListElement":[{"@type":"ListItem","position":1,"name":"Portada","item":"https:\/\/exclusivascongost.com\/"},{"@type":"ListItem","position":2,"name":"Impermeabilizaci\u00f3n de techos"}]},{"@type":"WebSite","@id":"https:\/\/exclusivascongost.com\/#website","url":"https:\/\/exclusivascongost.com\/","name":"Exclusivas Congost","description":"Reformas de pisos en Granollers. \u2705 Reformas de cocina y ba\u00f1os. Colocaci\u00f3n de parquet","potentialAction":[{"@type":"SearchAction","target":{"@type":"EntryPoint","urlTemplate":"https:\/\/exclusivascongost.com\/?s={search_term_string}"},"query-input":{"@type":"PropertyValueSpecification","valueRequired":true,"valueName":"search_term_string"}}],"inLanguage":"ca"}]}},"_links":{"self":[{"href":"https:\/\/exclusivascongost.com\/ca\/wp-json\/wp\/v2\/pages\/2553"}],"collection":[{"href":"https:\/\/exclusivascongost.com\/ca\/wp-json\/wp\/v2\/pages"}],"about":[{"href":"https:\/\/exclusivascongost.com\/ca\/wp-json\/wp\/v2\/types\/page"}],"author":[{"embeddable":true,"href":"https:\/\/exclusivascongost.com\/ca\/wp-json\/wp\/v2\/users\/2"}],"replies":[{"embeddable":true,"href":"https:\/\/exclusivascongost.com\/ca\/wp-json\/wp\/v2\/comments?post=2553"}],"version-history":[{"count":4,"href":"https:\/\/exclusivascongost.com\/ca\/wp-json\/wp\/v2\/pages\/2553\/revisions"}],"predecessor-version":[{"id":2558,"href":"https:\/\/exclusivascongost.com\/ca\/wp-json\/wp\/v2\/pages\/2553\/revisions\/2558"}],"wp:attachment":[{"href":"https:\/\/exclusivascongost.com\/ca\/wp-json\/wp\/v2\/media?parent=2553"}],"curies":[{"name":"wp","href":"https:\/\/api.w.org\/{rel}","templated":true}]}}