{"id":2535,"date":"2021-08-10T13:24:40","date_gmt":"2021-08-10T13:24:40","guid":{"rendered":"https:\/\/exclusivascongost.com\/?page_id=2535"},"modified":"2021-09-10T11:28:39","modified_gmt":"2021-09-10T11:28:39","slug":"empresa-de-impermeabilizaciones-en-barcelona","status":"publish","type":"page","link":"https:\/\/exclusivascongost.com\/ca\/empresa-de-impermeabilizaciones-en-barcelona\/","title":{"rendered":"Empresa de impermeabilizaciones en Barcelona"},"content":{"rendered":"<div id=\"agni-row-53243\" class=\"section-row\" ><div class=\"section-row-bg-container section-row-bg-container-agni-row-53243\"><div class=\"section-row-bg section-row-bg-color\"  ><\/div><\/div><div class=\"container\"><div class=\"vc_row vc_row_fluid\"><div id=\"agni-column-73560\" class=\"wpb_column agni_column_container agni_column vc_column_container vc_col-sm-12\"><div class=\"agni_column-inner vc_column-inner text-left\"  ><div class=\"section-column-bg-container section-column-bg-container-agni-column-73560\" ><div class=\"section-column-bg section-column-bg-color\"  ><\/div><\/div><div class=\"wpb_wrapper\"><div class=\"agni_custom_heading page-scroll\" ><h1 class=\"vc_custom_heading agni_custom_heading_content\" style=\"text-align: center; \"><span>Empresa de impermeabilizaciones en Barcelona<\/span><\/h1><\/div><div class=\"agni_empty_space vc_empty_space\"  style=\"height: 32px\" data-height = \"32px\" data-height-tab = \"32px\" data-height-mobile = \"32px\"><span class=\"vc_empty_space_inner\"><\/span><\/div>\n<\/div><\/div><\/div><\/div><\/div><\/div><div id=\"agni-row-74413\" class=\"section-row\" ><div class=\"section-row-bg-container section-row-bg-container-agni-row-74413\"><div class=\"section-row-bg section-row-bg-color\"  ><\/div><\/div><div class=\"container\"><div class=\"vc_row vc_row_fluid\"><div id=\"agni-column-32112\" class=\"wpb_column agni_column_container agni_column vc_column_container vc_col-sm-6\"><div class=\"agni_column-inner vc_column-inner text-left\"  ><div class=\"section-column-bg-container section-column-bg-container-agni-column-32112\" ><div class=\"section-column-bg section-column-bg-color\"  ><\/div><\/div><div class=\"wpb_wrapper\">\n\t<div id=\"\" class=\"agni_text_column agni-text-block\"  >\n\t\t<p><span style=\"font-weight: 400;\">Si busca una <\/span><strong>empresa de impermeabilizaciones en Barcelona<\/strong><span style=\"font-weight: 400;\">, con Exclusivas Congost podr\u00e1s conseguir las mejores soluciones del mercado para aislar completamente todo tipo de espacios.&nbsp;<\/span><\/p>\n<p><span style=\"font-weight: 400;\">Somos distribuidores de Robutylan100, una de las mejores marcas del mercado que le permitir\u00e1 conseguir acabados impecables en todo tipo de espacios con estas sofisticadas l\u00e1minas de caucho Butilo de alta calidad. Ofrecemos a nuestros clientes <\/span><b>todas las garant\u00edas<\/b><span style=\"font-weight: 400;\"> para que puedan obtener una impermeabilizaci\u00f3n de alta calidad que perdure a lo largo de los a\u00f1os.<\/span><\/p>\n\n\t<\/div>\n<\/div><\/div><\/div><div id=\"agni-column-67935\" class=\"wpb_column agni_column_container agni_column vc_column_container vc_col-sm-6\"><div class=\"agni_column-inner vc_column-inner text-left\"  ><div class=\"section-column-bg-container section-column-bg-container-agni-column-67935\" ><div class=\"section-column-bg section-column-bg-color\"  ><\/div><\/div><div class=\"wpb_wrapper\"><div class=\"agni-image custom-image-container text-center\">\r\n\t\t\t<figure class=\"agni-image-figure\">\r\n\t\t\t\t<img loading=\"lazy\" decoding=\"async\" style=\"\" width=\"300\" height=\"225\" src=\"https:\/\/exclusivascongost.com\/wp-content\/uploads\/2021\/08\/Empresa-de-impermeabilizaciones-en-Barcelona-300x225.jpg\" class=\"fullwidth-image attachment-medium  attachment-medium\" alt=\"Empresa de impermeabilizaciones en Barcelona\" srcset=\"https:\/\/exclusivascongost.com\/wp-content\/uploads\/2021\/08\/Empresa-de-impermeabilizaciones-en-Barcelona-300x225.jpg 300w, https:\/\/exclusivascongost.com\/wp-content\/uploads\/2021\/08\/Empresa-de-impermeabilizaciones-en-Barcelona-1024x768.jpg 1024w, https:\/\/exclusivascongost.com\/wp-content\/uploads\/2021\/08\/Empresa-de-impermeabilizaciones-en-Barcelona-768x576.jpg 768w, https:\/\/exclusivascongost.com\/wp-content\/uploads\/2021\/08\/Empresa-de-impermeabilizaciones-en-Barcelona-1536x1152.jpg 1536w, https:\/\/exclusivascongost.com\/wp-content\/uploads\/2021\/08\/Empresa-de-impermeabilizaciones-en-Barcelona-2048x1536.jpg 2048w, https:\/\/exclusivascongost.com\/wp-content\/uploads\/2021\/08\/Empresa-de-impermeabilizaciones-en-Barcelona-16x12.jpg 16w, https:\/\/exclusivascongost.com\/wp-content\/uploads\/2021\/08\/Empresa-de-impermeabilizaciones-en-Barcelona-960x720.jpg 960w\" sizes=\"(max-width: 300px) 100vw, 300px\" \/>\r\n\t\t\t\t<figcaption class=\"vc_figure-caption\"><\/figcaption>\r\n\t\t\t<\/figure>\r\n\t\t<\/div><div class=\"agni_empty_space vc_empty_space\"  style=\"height: 32px\" data-height = \"32px\" data-height-tab = \"32px\" data-height-mobile = \"32px\"><span class=\"vc_empty_space_inner\"><\/span><\/div>\n<div class=\"agni-button  text-center page-scroll\"><a class=\"btn btn-default\" target=\"_self\" href=\"https:\/\/exclusivascongost.com\/ca\/contacto\/\" style=\"border-radius:50px;\" >M\u00e1s informaci\u00f3n<\/a><\/div><\/div><\/div><\/div><\/div><\/div><\/div><div id=\"agni-row-78040\" class=\"section-row\" ><div class=\"section-row-bg-container section-row-bg-container-agni-row-78040\"><div class=\"section-row-bg section-row-bg-color\"  ><\/div><\/div><div class=\"container\"><div class=\"vc_row vc_row_fluid\"><div id=\"agni-column-41943\" class=\"wpb_column agni_column_container agni_column vc_column_container vc_col-sm-12\"><div class=\"agni_column-inner vc_column-inner text-left\"  ><div class=\"section-column-bg-container section-column-bg-container-agni-column-41943\" ><div class=\"section-column-bg section-column-bg-color\"  ><\/div><\/div><div class=\"wpb_wrapper\"><div class=\"agni_empty_space vc_empty_space\"  style=\"height: 32px\" data-height = \"32px\" data-height-tab = \"32px\" data-height-mobile = \"32px\"><span class=\"vc_empty_space_inner\"><\/span><\/div>\n<div class=\"agni_custom_heading page-scroll\" ><h2 class=\"vc_custom_heading agni_custom_heading_content\" style=\"text-align: center; \"><span>\u00bfPor qu\u00e9 recurrir a compa\u00f1\u00edas de impermeabilizaci\u00f3n? <\/span><\/h2><\/div><div class=\"agni_empty_space vc_empty_space\"  style=\"height: 32px\" data-height = \"32px\" data-height-tab = \"32px\" data-height-mobile = \"32px\"><span class=\"vc_empty_space_inner\"><\/span><\/div>\n\n\t<div id=\"\" class=\"agni_text_column agni-text-block\"  >\n\t\t<p><span style=\"font-weight: 400;\">El recurrir a Exclusivas Congost le permitir\u00e1 disfrutar de unos acabados profesionales con los m\u00faltiples beneficios que solo una de las mejores empresas de impermeabilizaciones puede ofrecerle.&nbsp;<\/span><\/p>\n<p><span style=\"font-weight: 400;\">Somos los distribuidores de Robutylan100 y contamos con m\u00e1s de 40 a\u00f1os de experiencia en impermeabilizaci\u00f3n. Trabajamos con materiales de alta calidad como las <\/span><b>l\u00e1minas bet\u00fan elast\u00f3mero Politaber<\/b><span style=\"font-weight: 400;\"> para lograr que no se filtre ni una sola part\u00edcula de agua. Tambi\u00e9n cuidamos al m\u00e1ximo los acabados est\u00e9ticos, complementando nuestros trabajos con materiales como la grava para lograr unos resultados impecables tambi\u00e9n a nivel visual entre otras muchas ventajas.<\/span><\/p>\n<p>&nbsp;<\/p>\n<p><span style=\"font-weight: 400;\">\u2705 <\/span><b>Expertos con amplia trayectoria&nbsp;<\/b><\/p>\n<p><span style=\"font-weight: 400;\">En&nbsp; Exclusivas Congost llevamos m\u00e1s de 40 a\u00f1os dedicados a la impermeabilizaci\u00f3n de superficies con materiales de alta calidad para lograr \u00f3ptimos resultados.&nbsp;<\/span><\/p>\n<p><span style=\"font-weight: 400;\">Nuestras soluciones ofrecen la m\u00e1xima garant\u00eda con un acabado est\u00e9tico que nos ha permitido fidelizar a nuestros clientes a lo largo de los a\u00f1os. La gran calidad de los materiales de Robutylan100 nos permite conseguir resultados perfectos.&nbsp;<\/span><\/p>\n<p><span style=\"font-weight: 400;\">Tambi\u00e9n contamos con d\u00e9cadas de experiencia asesorando a clientes. Cu\u00e9ntenos sus necesidades y objetivos a cumplir. En exclusivas Congost los haremos realidad con unos acabados que perduren en el tiempo.&nbsp;<\/span><\/p>\n<p>&nbsp;<\/p>\n<p><b>\u2705 <\/b><b>Durabilidad&nbsp;<\/b><\/p>\n<p><span style=\"font-weight: 400;\">Ofrecemos resultados de alta durabilidad para ayudarle a ahorrar dinero y evitar problemas de humedades. Trabajamos con <\/span><b>Bet\u00fan modificado Elast\u00f3mero LBM y caucho Butilo<\/b><span style=\"font-weight: 400;\">, materiales de excelente calidad que nos permiten ofrecer a nuestros clientes a\u00f1os de garant\u00eda.<\/span><\/p>\n<p>&nbsp;<\/p>\n<p><span style=\"font-weight: 400;\">\u2705 <\/span><b>Acabados est\u00e9ticos<\/b><span style=\"font-weight: 400;\">&nbsp;<\/span><\/p>\n<p><span style=\"font-weight: 400;\">Sabemos que a la hora de buscar empresas de impermeabilizaciones en Barcelona es importante que cuenten con materiales de buena calidad pero tambi\u00e9n nos preocupamos por lograr resultados est\u00e9ticos.&nbsp;<\/span><\/p>\n<p><span style=\"font-weight: 400;\">En Exclusivas Congost combinamos como nadie funcionalidad y dise\u00f1o para lograr una hermeticidad total. Todo sin renunciar a unos resultados decorativos que aporten un gran valor a\u00f1adido a sus espacios.<\/span><\/p>\n<p>&nbsp;<\/p>\n<p><b>\u2705 <\/b><b>Los mejores resultados garantizados&nbsp;<\/b><\/p>\n<p><span style=\"font-weight: 400;\">La calidad excepcional de nuestros materiales, el trabajo de nuestro equipo altamente cualificado y nuestros <\/span><b>certificados de calidad <\/b><span style=\"font-weight: 400;\">nos<\/span> <span style=\"font-weight: 400;\">permiten ofrecer a nuestros clientes los mejores resultados garantizados.&nbsp;<\/span><\/p>\n<p><span style=\"font-weight: 400;\">Todos nuestros productos cuentan con los certificados de calidad correspondientes y la compa\u00f1\u00eda MAPFRE los dejar\u00e1 cubiertos a trav\u00e9s de una completa p\u00f3liza de seguros.&nbsp;<\/span><\/p>\n<p><span style=\"font-weight: 400;\">Todo para ofrecer la m\u00e1xima tranquilidad a nuestros clientes y unos resultados 100% profesionales.<\/span><\/p>\n<p>&nbsp;<\/p>\n<p><b>\u2705 <\/b><b>Asesoramiento profesional&nbsp;<\/b><\/p>\n<p><span style=\"font-weight: 400;\">A la hora de contratar con cualquiera de las compa\u00f1\u00edas de impermeabilizaci\u00f3n, no solo es importante que trabaje con materiales de alta calidad sino que ofrezca a los clientes un asesoramiento personalizado, tal y como hacemos cada d\u00eda en Exclusivas Congost.&nbsp;<\/span><\/p>\n<p><span style=\"font-weight: 400;\">Sabemos que cada espacio es diferente y las necesidades de cada cliente tambi\u00e9n. Por ello, llevaremos a cabo un <\/span><b>asesoramiento personalizado<\/b><span style=\"font-weight: 400;\"> de su proyecto para ofrecerle soluciones adaptadas a sus espacios que garanticen resultados de ensue\u00f1o.<\/span><\/p>\n<p><span style=\"font-weight: 400;\">Consulte sobre nuestro servicio de impermeabilizaci\u00f3n y disfrute de unos acabados profesionales con Exclusivas Congost, su empresa de impermeabilizaciones en Granollers Barcelona.<\/span><\/p>\n\n\t<\/div>\n<div class=\"agni_empty_space vc_empty_space\"  style=\"height: 32px\" data-height = \"32px\" data-height-tab = \"32px\" data-height-mobile = \"32px\"><span class=\"vc_empty_space_inner\"><\/span><\/div>\n<\/div><\/div><\/div><\/div><\/div><\/div><div id=\"agni-row-24757\" class=\"section-row\" style=\"padding-bottom: 32px; \"><div class=\"section-row-bg-container section-row-bg-container-agni-row-24757\"><div class=\"section-row-bg section-row-bg-color\"  ><\/div><\/div><div class=\"container\"><div class=\"vc_row vc_row_fluid\"><div id=\"agni-column-64334\" class=\"wpb_column agni_column_container agni_column vc_column_container vc_col-sm-4\"><div class=\"agni_column-inner vc_column-inner text-left\"  ><div class=\"section-column-bg-container section-column-bg-container-agni-column-64334\" ><div class=\"section-column-bg section-column-bg-color\"  ><\/div><\/div><div class=\"wpb_wrapper\"><\/div><\/div><\/div><div id=\"agni-column-33588\" class=\"wpb_column agni_column_container agni_column vc_column_container vc_col-sm-4\"><div class=\"agni_column-inner vc_column-inner text-center\"  ><div class=\"section-column-bg-container section-column-bg-container-agni-column-33588\" ><div class=\"section-column-bg section-column-bg-color\"  ><\/div><\/div><div class=\"wpb_wrapper\"><div class=\"agni_empty_space vc_empty_space\"  style=\"height: 32px\" data-height = \"32px\" data-height-tab = \"32px\" data-height-mobile = \"32px\"><span class=\"vc_empty_space_inner\"><\/span><\/div>\n<div class=\"agni-button  text-center page-scroll\"><a class=\"btn btn-default\" target=\"_self\" href=\"https:\/\/exclusivascongost.com\/ca\/contacto\/\" style=\"border-radius:50px;\" >M\u00e1s informaci\u00f3n<\/a><\/div><\/div><\/div><\/div><div id=\"agni-column-12257\" class=\"wpb_column agni_column_container agni_column vc_column_container vc_col-sm-4\"><div class=\"agni_column-inner vc_column-inner text-left\"  ><div class=\"section-column-bg-container section-column-bg-container-agni-column-12257\" ><div class=\"section-column-bg section-column-bg-color\"  ><\/div><\/div><div class=\"wpb_wrapper\"><\/div><\/div><\/div><\/div><\/div><\/div>","protected":false},"excerpt":{"rendered":"Empresa de impermeabilizaciones en Barcelona Si busca una empresa de impermeabilizaciones en Barcelona, con Exclusivas Congost podr\u00e1s conseguir las mejores soluciones del mercado para aislar completamente todo tipo de espacios.&nbsp; Somos distribuidores de Robutylan100, una de las mejores marcas del mercado que le permitir\u00e1 conseguir acabados impecables en todo tipo de espacios con estas sofisticadas [...]","protected":false},"author":2,"featured_media":0,"parent":0,"menu_order":0,"comment_status":"closed","ping_status":"closed","template":"","meta":{"ngg_post_thumbnail":0,"footnotes":""},"class_list":["post-2535","page","type-page","status-publish","hentry"],"yoast_head":"<!-- This site is optimized with the Yoast SEO plugin v23.4 - https:\/\/yoast.com\/wordpress\/plugins\/seo\/ -->\n<title>\u25b7 Empresa de impermeabilizaciones en Barcelona<\/title>\n<meta name=\"description\" content=\"\u27a1 Empresa de impermeabilizaciones en Barcelona\u3010 Exclusivas Congost \u3011 Impermeabilizaci\u00f3n Profesional con Certificaci\u00f3n. Acabados Est\u00e9ticos.\" \/>\n<meta name=\"robots\" content=\"index, follow, max-snippet:-1, max-image-preview:large, max-video-preview:-1\" \/>\n<link rel=\"canonical\" href=\"https:\/\/exclusivascongost.com\/ca\/empresa-de-impermeabilizaciones-en-barcelona\/\" \/>\n<meta property=\"og:locale\" content=\"ca_ES\" \/>\n<meta property=\"og:type\" content=\"article\" \/>\n<meta property=\"og:title\" content=\"\u25b7 Empresa de impermeabilizaciones en Barcelona\" \/>\n<meta property=\"og:description\" content=\"\u27a1 Empresa de impermeabilizaciones en Barcelona\u3010 Exclusivas Congost \u3011 Impermeabilizaci\u00f3n Profesional con Certificaci\u00f3n. Acabados Est\u00e9ticos.\" \/>\n<meta property=\"og:url\" content=\"https:\/\/exclusivascongost.com\/ca\/empresa-de-impermeabilizaciones-en-barcelona\/\" \/>\n<meta property=\"og:site_name\" content=\"Exclusivas Congost\" \/>\n<meta property=\"article:modified_time\" content=\"2021-09-10T11:28:39+00:00\" \/>\n<meta name=\"twitter:card\" content=\"summary_large_image\" \/>\n<meta name=\"twitter:label1\" content=\"Temps estimat de lectura\" \/>\n\t<meta name=\"twitter:data1\" content=\"4 minuts\" \/>\n<script type=\"application\/ld+json\" class=\"yoast-schema-graph\">{\"@context\":\"https:\/\/schema.org\",\"@graph\":[{\"@type\":\"WebPage\",\"@id\":\"https:\/\/exclusivascongost.com\/empresa-de-impermeabilizaciones-en-barcelona\/\",\"url\":\"https:\/\/exclusivascongost.com\/empresa-de-impermeabilizaciones-en-barcelona\/\",\"name\":\"\u25b7 Empresa de impermeabilizaciones en Barcelona\",\"isPartOf\":{\"@id\":\"https:\/\/exclusivascongost.com\/#website\"},\"datePublished\":\"2021-08-10T13:24:40+00:00\",\"dateModified\":\"2021-09-10T11:28:39+00:00\",\"description\":\"\u27a1 Empresa de impermeabilizaciones en Barcelona\u3010 Exclusivas Congost \u3011 Impermeabilizaci\u00f3n Profesional con Certificaci\u00f3n. Acabados Est\u00e9ticos.\",\"breadcrumb\":{\"@id\":\"https:\/\/exclusivascongost.com\/empresa-de-impermeabilizaciones-en-barcelona\/#breadcrumb\"},\"inLanguage\":\"ca\",\"potentialAction\":[{\"@type\":\"ReadAction\",\"target\":[\"https:\/\/exclusivascongost.com\/empresa-de-impermeabilizaciones-en-barcelona\/\"]}]},{\"@type\":\"BreadcrumbList\",\"@id\":\"https:\/\/exclusivascongost.com\/empresa-de-impermeabilizaciones-en-barcelona\/#breadcrumb\",\"itemListElement\":[{\"@type\":\"ListItem\",\"position\":1,\"name\":\"Portada\",\"item\":\"https:\/\/exclusivascongost.com\/\"},{\"@type\":\"ListItem\",\"position\":2,\"name\":\"Empresa de impermeabilizaciones en Barcelona\"}]},{\"@type\":\"WebSite\",\"@id\":\"https:\/\/exclusivascongost.com\/#website\",\"url\":\"https:\/\/exclusivascongost.com\/\",\"name\":\"Exclusivas Congost\",\"description\":\"Reformas de pisos en Granollers. \u2705 Reformas de cocina y ba\u00f1os. Colocaci\u00f3n de parquet\",\"potentialAction\":[{\"@type\":\"SearchAction\",\"target\":{\"@type\":\"EntryPoint\",\"urlTemplate\":\"https:\/\/exclusivascongost.com\/?s={search_term_string}\"},\"query-input\":{\"@type\":\"PropertyValueSpecification\",\"valueRequired\":true,\"valueName\":\"search_term_string\"}}],\"inLanguage\":\"ca\"}]}<\/script>\n<!-- \/ Yoast SEO plugin. -->","yoast_head_json":{"title":"\u25b7 Empresa de impermeabilizaciones en Barcelona","description":"\u27a1 Empresa de impermeabilizaciones en Barcelona\u3010 Exclusivas Congost \u3011 Impermeabilizaci\u00f3n Profesional con Certificaci\u00f3n. Acabados Est\u00e9ticos.","robots":{"index":"index","follow":"follow","max-snippet":"max-snippet:-1","max-image-preview":"max-image-preview:large","max-video-preview":"max-video-preview:-1"},"canonical":"https:\/\/exclusivascongost.com\/ca\/empresa-de-impermeabilizaciones-en-barcelona\/","og_locale":"ca_ES","og_type":"article","og_title":"\u25b7 Empresa de impermeabilizaciones en Barcelona","og_description":"\u27a1 Empresa de impermeabilizaciones en Barcelona\u3010 Exclusivas Congost \u3011 Impermeabilizaci\u00f3n Profesional con Certificaci\u00f3n. Acabados Est\u00e9ticos.","og_url":"https:\/\/exclusivascongost.com\/ca\/empresa-de-impermeabilizaciones-en-barcelona\/","og_site_name":"Exclusivas Congost","article_modified_time":"2021-09-10T11:28:39+00:00","twitter_card":"summary_large_image","twitter_misc":{"Temps estimat de lectura":"4 minuts"},"schema":{"@context":"https:\/\/schema.org","@graph":[{"@type":"WebPage","@id":"https:\/\/exclusivascongost.com\/empresa-de-impermeabilizaciones-en-barcelona\/","url":"https:\/\/exclusivascongost.com\/empresa-de-impermeabilizaciones-en-barcelona\/","name":"\u25b7 Empresa de impermeabilizaciones en Barcelona","isPartOf":{"@id":"https:\/\/exclusivascongost.com\/#website"},"datePublished":"2021-08-10T13:24:40+00:00","dateModified":"2021-09-10T11:28:39+00:00","description":"\u27a1 Empresa de impermeabilizaciones en Barcelona\u3010 Exclusivas Congost \u3011 Impermeabilizaci\u00f3n Profesional con Certificaci\u00f3n. Acabados Est\u00e9ticos.","breadcrumb":{"@id":"https:\/\/exclusivascongost.com\/empresa-de-impermeabilizaciones-en-barcelona\/#breadcrumb"},"inLanguage":"ca","potentialAction":[{"@type":"ReadAction","target":["https:\/\/exclusivascongost.com\/empresa-de-impermeabilizaciones-en-barcelona\/"]}]},{"@type":"BreadcrumbList","@id":"https:\/\/exclusivascongost.com\/empresa-de-impermeabilizaciones-en-barcelona\/#breadcrumb","itemListElement":[{"@type":"ListItem","position":1,"name":"Portada","item":"https:\/\/exclusivascongost.com\/"},{"@type":"ListItem","position":2,"name":"Empresa de impermeabilizaciones en Barcelona"}]},{"@type":"WebSite","@id":"https:\/\/exclusivascongost.com\/#website","url":"https:\/\/exclusivascongost.com\/","name":"Exclusivas Congost","description":"Reformas de pisos en Granollers. \u2705 Reformas de cocina y ba\u00f1os. Colocaci\u00f3n de parquet","potentialAction":[{"@type":"SearchAction","target":{"@type":"EntryPoint","urlTemplate":"https:\/\/exclusivascongost.com\/?s={search_term_string}"},"query-input":{"@type":"PropertyValueSpecification","valueRequired":true,"valueName":"search_term_string"}}],"inLanguage":"ca"}]}},"_links":{"self":[{"href":"https:\/\/exclusivascongost.com\/ca\/wp-json\/wp\/v2\/pages\/2535"}],"collection":[{"href":"https:\/\/exclusivascongost.com\/ca\/wp-json\/wp\/v2\/pages"}],"about":[{"href":"https:\/\/exclusivascongost.com\/ca\/wp-json\/wp\/v2\/types\/page"}],"author":[{"embeddable":true,"href":"https:\/\/exclusivascongost.com\/ca\/wp-json\/wp\/v2\/users\/2"}],"replies":[{"embeddable":true,"href":"https:\/\/exclusivascongost.com\/ca\/wp-json\/wp\/v2\/comments?post=2535"}],"version-history":[{"count":2,"href":"https:\/\/exclusivascongost.com\/ca\/wp-json\/wp\/v2\/pages\/2535\/revisions"}],"predecessor-version":[{"id":2544,"href":"https:\/\/exclusivascongost.com\/ca\/wp-json\/wp\/v2\/pages\/2535\/revisions\/2544"}],"wp:attachment":[{"href":"https:\/\/exclusivascongost.com\/ca\/wp-json\/wp\/v2\/media?parent=2535"}],"curies":[{"name":"wp","href":"https:\/\/api.w.org\/{rel}","templated":true}]}}