{"id":2530,"date":"2021-08-03T15:29:14","date_gmt":"2021-08-03T15:29:14","guid":{"rendered":"https:\/\/exclusivascongost.com\/?page_id=2530"},"modified":"2021-09-10T11:27:49","modified_gmt":"2021-09-10T11:27:49","slug":"empresa-de-reformas-interiorismo-granollers","status":"publish","type":"page","link":"https:\/\/exclusivascongost.com\/ca\/empresa-de-reformas-interiorismo-granollers\/","title":{"rendered":"Empresa de reformas e interiorismo en Granollers"},"content":{"rendered":"<div id=\"agni-row-36261\" class=\"section-row\" ><div class=\"section-row-bg-container section-row-bg-container-agni-row-36261\"><div class=\"section-row-bg section-row-bg-color\"  ><\/div><\/div><div class=\"container\"><div class=\"vc_row vc_row_fluid\"><div id=\"agni-column-11704\" class=\"wpb_column agni_column_container agni_column vc_column_container vc_col-sm-12\"><div class=\"agni_column-inner vc_column-inner text-left\"  ><div class=\"section-column-bg-container section-column-bg-container-agni-column-11704\" ><div class=\"section-column-bg section-column-bg-color\"  ><\/div><\/div><div class=\"wpb_wrapper\"><div class=\"agni_custom_heading page-scroll\" ><h1 class=\"vc_custom_heading agni_custom_heading_content\" style=\"text-align: center; \"><span>Empresa de reformas e interiorismo en Granollers<\/span><\/h1><\/div><div class=\"agni_empty_space vc_empty_space\"  style=\"height: 32px\" data-height = \"32px\" data-height-tab = \"32px\" data-height-mobile = \"32px\"><span class=\"vc_empty_space_inner\"><\/span><\/div>\n<\/div><\/div><\/div><\/div><\/div><\/div><div id=\"agni-row-18764\" class=\"section-row\" ><div class=\"section-row-bg-container section-row-bg-container-agni-row-18764\"><div class=\"section-row-bg section-row-bg-color\"  ><\/div><\/div><div class=\"container\"><div class=\"vc_row vc_row_fluid\"><div id=\"agni-column-67252\" class=\"wpb_column agni_column_container agni_column vc_column_container vc_col-sm-6\"><div class=\"agni_column-inner vc_column-inner text-left\"  ><div class=\"section-column-bg-container section-column-bg-container-agni-column-67252\" ><div class=\"section-column-bg section-column-bg-color\"  ><\/div><\/div><div class=\"wpb_wrapper\">\n\t<div id=\"\" class=\"agni_text_column agni-text-block\"  >\n\t\t<p><span style=\"font-weight: 400;\">En Exclusivas Congost queremos ser su<\/span> <strong>empresa de reformas e interiorismo en Granollers<\/strong><span style=\"font-weight: 400;\"> de confianza para ayudarle a lograr los resultados deseados en cada espacio de su hogar.&nbsp;<\/span><\/p>\n<p><span style=\"font-weight: 400;\">No importa si se trata de proyectos grandes o peque\u00f1os. Realizamos trabajos a medida y nos adaptamos a las necesidades de cada cliente. Todo para crear espacios m\u00e1s acogedores que se ajusten a la vida pr\u00e1ctica y que le permitan disfrutar de una mayor calidez en su casa.&nbsp;<\/span><\/p>\n<p><span style=\"font-weight: 400;\">Trabajamos con un amplio cat\u00e1logo de materiales ofreci\u00e9ndole los mejores <\/span><a href=\"https:\/\/exclusivascongost.com\/ca\/parquets-en-granollers\/\"><span style=\"font-weight: 400;\">parquets en Granollers<\/span><\/a><span style=\"font-weight: 400;\">, puertas, cocinas pr\u00e1cticas y modernas, ba\u00f1os, terrazas y mucho m\u00e1s con los que podr\u00e1 disfrutar de espacios de ensue\u00f1o.<\/span><\/p>\n\n\t<\/div>\n<\/div><\/div><\/div><div id=\"agni-column-28215\" class=\"wpb_column agni_column_container agni_column vc_column_container vc_col-sm-6\"><div class=\"agni_column-inner vc_column-inner text-left\"  ><div class=\"section-column-bg-container section-column-bg-container-agni-column-28215\" ><div class=\"section-column-bg section-column-bg-color\"  ><\/div><\/div><div class=\"wpb_wrapper\"><div class=\"agni-image custom-image-container text-center\">\r\n\t\t\t<figure class=\"agni-image-figure\">\r\n\t\t\t\t<img loading=\"lazy\" decoding=\"async\" style=\"\" width=\"360\" height=\"239\" src=\"https:\/\/exclusivascongost.com\/wp-content\/uploads\/2021\/08\/Empresa-de-reformas-e-interiorismo-en-Granollers.jpg\" class=\"fullwidth-image attachment-full  attachment-full\" alt=\"Empresa de reformas e interiorismo en Granollers\" srcset=\"https:\/\/exclusivascongost.com\/wp-content\/uploads\/2021\/08\/Empresa-de-reformas-e-interiorismo-en-Granollers.jpg 360w, https:\/\/exclusivascongost.com\/wp-content\/uploads\/2021\/08\/Empresa-de-reformas-e-interiorismo-en-Granollers-300x199.jpg 300w, https:\/\/exclusivascongost.com\/wp-content\/uploads\/2021\/08\/Empresa-de-reformas-e-interiorismo-en-Granollers-16x12.jpg 16w\" sizes=\"(max-width: 360px) 100vw, 360px\" \/>\r\n\t\t\t\t<figcaption class=\"vc_figure-caption\"><\/figcaption>\r\n\t\t\t<\/figure>\r\n\t\t<\/div><div class=\"agni_empty_space vc_empty_space\"  style=\"height: 32px\" data-height = \"32px\" data-height-tab = \"32px\" data-height-mobile = \"32px\"><span class=\"vc_empty_space_inner\"><\/span><\/div>\n<div class=\"agni-button  text-center page-scroll\"><a class=\"btn btn-default\" target=\"_self\" href=\"https:\/\/exclusivascongost.com\/ca\/contacto\/\" style=\"border-radius:50px;\" >Contacte<\/a><\/div><\/div><\/div><\/div><\/div><\/div><\/div><div id=\"agni-row-87605\" class=\"section-row\" ><div class=\"section-row-bg-container section-row-bg-container-agni-row-87605\"><div class=\"section-row-bg section-row-bg-color\"  ><\/div><\/div><div class=\"container\"><div class=\"vc_row vc_row_fluid\"><div id=\"agni-column-81432\" class=\"wpb_column agni_column_container agni_column vc_column_container vc_col-sm-12\"><div class=\"agni_column-inner vc_column-inner text-left\"  ><div class=\"section-column-bg-container section-column-bg-container-agni-column-81432\" ><div class=\"section-column-bg section-column-bg-color\"  ><\/div><\/div><div class=\"wpb_wrapper\"><div class=\"agni_empty_space vc_empty_space\"  style=\"height: 32px\" data-height = \"32px\" data-height-tab = \"32px\" data-height-mobile = \"32px\"><span class=\"vc_empty_space_inner\"><\/span><\/div>\n<div class=\"agni_custom_heading page-scroll\" ><h2 class=\"vc_custom_heading agni_custom_heading_content\" style=\"text-align: center; \"><span>\u00bfPor qu\u00e9 realizar su proyecto con una empresa de reformas e interiorismo en Granollers?<\/span><\/h2><\/div><div class=\"agni_empty_space vc_empty_space\"  style=\"height: 32px\" data-height = \"32px\" data-height-tab = \"32px\" data-height-mobile = \"32px\"><span class=\"vc_empty_space_inner\"><\/span><\/div>\n\n\t<div id=\"\" class=\"agni_text_column agni-text-block\"  >\n\t\t<p><span style=\"font-weight: 400;\">El contar con una empresa de reformas e interiorismo en Granollers de amplia trayectoria como <\/span><b>Exclusivas Congost <\/b><span style=\"font-weight: 400;\">le permitir\u00e1 disfrutar de numerosas ventajas a la hora de reformar sus espacios. Llevamos m\u00e1s de cinco d\u00e9cadas asesorando a clientes y nos adaptamos a los gustos y necesidades de cada cliente. Todo con el fin de lograr los resultados deseados en cada rinc\u00f3n de su hogar.<\/span><\/p>\n<p><span style=\"font-weight: 400;\">Contratar este tipo de servicios le permitir\u00e1 contar con un proyecto detallado donde no solo tendremos en cuenta los objetivos est\u00e9ticos. Trabajamos mano a mano con nuestros clientes para lograr espacios pr\u00e1cticos que tambi\u00e9n les ayuden a desarrollar su d\u00eda a d\u00eda de una manera m\u00e1s c\u00f3moda sin renunciar a una <\/span><b>est\u00e9tica impecable<\/b><span style=\"font-weight: 400;\">.&nbsp;<\/span><\/p>\n<p><span style=\"font-weight: 400;\">Nuestra amplia trayectoria nos permite asesorarle valorando todas las especificaciones de cada rinc\u00f3n de su casa. Esto nos permite ofrecerle unos <\/span><b>resultados que se adapten a sus gustos<\/b><span style=\"font-weight: 400;\"> pero valorando las caracter\u00edsticas. La combinaci\u00f3n de nuestro trabajo con el desarrollo de proyectos personalizados para cada cliente, nos permite ofrecer espacios que se ajustan sus necesidades sacando el m\u00e1ximo partido a cada rinc\u00f3n.&nbsp;<\/span><\/p>\n<p><span style=\"font-weight: 400;\">Nuestros expertos lograr\u00e1n plasmar el <\/span><b>estilo que cada cliente desea<\/b><span style=\"font-weight: 400;\"> ofreci\u00e9ndole un amplio abanico de posibilidades donde valoramos desde los materiales a emplear hasta los puntos de luz natural. De esa forma, tambi\u00e9n analizamos otros aspectos muy importantes para lograr la m\u00e1xima iluminaci\u00f3n con la que obtendremos una sensaci\u00f3n de <\/span><b>mayor amplitud<\/b><span style=\"font-weight: 400;\">, algo muy de valorar especialmente en pisos peque\u00f1os.<\/span><\/p>\n<p><span style=\"font-weight: 400;\">Tambi\u00e9n le ayudamos en la<\/span><b> selecci\u00f3n de los materiales y mobiliario<\/b><span style=\"font-weight: 400;\"> para que pueda lograr impecables resultados est\u00e9ticos que se adapten a sus gustos. Todo sin olvidar que somos distribuidores de parquets, impermeabilizantes y otros productos para que pueda disfrutar del mejor <\/span><b>precio<\/b><span style=\"font-weight: 400;\"> del mercado y unos <\/span><b>acabados que perduren en el tiempo<\/b><span style=\"font-weight: 400;\">, a pesar del uso diario.<\/span><\/p>\n<p><span style=\"font-weight: 400;\">El contar con un <\/span><b>proyecto detallado<\/b><span style=\"font-weight: 400;\"> de una empresa de reformas e interiorismo en Granollers especializada le permitir\u00e1 visualizar mucho mejor c\u00f3mo quedar\u00e1n los resultados y elegir entre diversas propuestas cu\u00e1l se adapta mejor a sus gustos. Una magn\u00edfica forma de ahorrar tiempo y dinero a la hora de lograr los resultados deseados.<\/span><\/p>\n<p><span style=\"font-weight: 400;\">Adem\u00e1s, si no tiene claro el estilo que desea para su hogar, tambi\u00e9n podemos asesorarle e inspirarle con lo \u00faltimo en tendencias del mercado actual. Descubra un mundo de posibilidades con nuestra empresa de reformas e interiorismo en Granollers.<\/span><\/p>\n<p><span style=\"font-weight: 400;\">Somos expertos con m\u00e1s de 50 a\u00f1os de experiencia escuchando las necesidades de nuestros clientes y haciendo realidad la casa de sus sue\u00f1os. Contamos con un equipo especializado en dise\u00f1o de interiores y reforma de espacios destinados a vivienda o negocios que le ayudar\u00e1n a obtener los mejores resultados.<\/span><\/p>\n<p style=\"text-align: center;\"><span style=\"font-weight: 400;\">Cont\u00e1ctenos sin compromiso.<\/span><\/p>\n\n\t<\/div>\n<div class=\"agni_empty_space vc_empty_space\"  style=\"height: 32px\" data-height = \"32px\" data-height-tab = \"32px\" data-height-mobile = \"32px\"><span class=\"vc_empty_space_inner\"><\/span><\/div>\n<\/div><\/div><\/div><\/div><\/div><\/div><div id=\"agni-row-17798\" class=\"section-row\" style=\"padding-bottom: 32px; \"><div class=\"section-row-bg-container section-row-bg-container-agni-row-17798\"><div class=\"section-row-bg section-row-bg-color\"  ><\/div><\/div><div class=\"container\"><div class=\"vc_row vc_row_fluid\"><div id=\"agni-column-93574\" class=\"wpb_column agni_column_container agni_column vc_column_container vc_col-sm-4\"><div class=\"agni_column-inner vc_column-inner text-left\"  ><div class=\"section-column-bg-container section-column-bg-container-agni-column-93574\" ><div class=\"section-column-bg section-column-bg-color\"  ><\/div><\/div><div class=\"wpb_wrapper\"><div class=\"agni_empty_space vc_empty_space\"  style=\"height: 32px\" data-height = \"32px\" data-height-tab = \"32px\" data-height-mobile = \"32px\"><span class=\"vc_empty_space_inner\"><\/span><\/div>\n<\/div><\/div><\/div><div id=\"agni-column-21749\" class=\"wpb_column agni_column_container agni_column vc_column_container vc_col-sm-4\"><div class=\"agni_column-inner vc_column-inner text-center\"  ><div class=\"section-column-bg-container section-column-bg-container-agni-column-21749\" ><div class=\"section-column-bg section-column-bg-color\"  ><\/div><\/div><div class=\"wpb_wrapper\"><div class=\"agni_empty_space vc_empty_space\"  style=\"height: 32px\" data-height = \"32px\" data-height-tab = \"32px\" data-height-mobile = \"32px\"><span class=\"vc_empty_space_inner\"><\/span><\/div>\n<div class=\"agni-button  text-center page-scroll\"><a class=\"btn btn-default\" target=\"_self\" href=\"https:\/\/exclusivascongost.com\/ca\/contacto\/\" style=\"border-radius:50px;\" >Contacte<\/a><\/div><\/div><\/div><\/div><div id=\"agni-column-51825\" class=\"wpb_column agni_column_container agni_column vc_column_container vc_col-sm-4\"><div class=\"agni_column-inner vc_column-inner text-left\"  ><div class=\"section-column-bg-container section-column-bg-container-agni-column-51825\" ><div class=\"section-column-bg section-column-bg-color\"  ><\/div><\/div><div class=\"wpb_wrapper\"><div class=\"agni_empty_space vc_empty_space\"  style=\"height: 32px\" data-height = \"32px\" data-height-tab = \"32px\" data-height-mobile = \"32px\"><span class=\"vc_empty_space_inner\"><\/span><\/div>\n<\/div><\/div><\/div><\/div><\/div><\/div>","protected":false},"excerpt":{"rendered":"Empresa de reformas e interiorismo en Granollers En Exclusivas Congost queremos ser su empresa de reformas e interiorismo en Granollers de confianza para ayudarle a lograr los resultados deseados en cada espacio de su hogar.&nbsp; No importa si se trata de proyectos grandes o peque\u00f1os. Realizamos trabajos a medida y nos adaptamos a las necesidades [...]","protected":false},"author":2,"featured_media":0,"parent":0,"menu_order":0,"comment_status":"closed","ping_status":"closed","template":"","meta":{"ngg_post_thumbnail":0,"footnotes":""},"class_list":["post-2530","page","type-page","status-publish","hentry"],"yoast_head":"<!-- This site is optimized with the Yoast SEO plugin v23.4 - https:\/\/yoast.com\/wordpress\/plugins\/seo\/ -->\n<title>\u25b7 Empresa de reformas e interiorismo en Granollers<\/title>\n<meta name=\"description\" content=\"\u27a1 Empresa de reformas e interiorismo en Granollers\u3010 Exclusivas Congost \u3011Creamos los espacios de sus sue\u00f1os. Proyectos Personalizados.\" \/>\n<meta name=\"robots\" content=\"index, follow, max-snippet:-1, max-image-preview:large, max-video-preview:-1\" \/>\n<link rel=\"canonical\" href=\"https:\/\/exclusivascongost.com\/ca\/empresa-de-reformas-interiorismo-granollers\/\" \/>\n<meta property=\"og:locale\" content=\"ca_ES\" \/>\n<meta property=\"og:type\" content=\"article\" \/>\n<meta property=\"og:title\" content=\"\u25b7 Empresa de reformas e interiorismo en Granollers\" \/>\n<meta property=\"og:description\" content=\"\u27a1 Empresa de reformas e interiorismo en Granollers\u3010 Exclusivas Congost \u3011Creamos los espacios de sus sue\u00f1os. Proyectos Personalizados.\" \/>\n<meta property=\"og:url\" content=\"https:\/\/exclusivascongost.com\/ca\/empresa-de-reformas-interiorismo-granollers\/\" \/>\n<meta property=\"og:site_name\" content=\"Exclusivas Congost\" \/>\n<meta property=\"article:modified_time\" content=\"2021-09-10T11:27:49+00:00\" \/>\n<meta name=\"twitter:card\" content=\"summary_large_image\" \/>\n<meta name=\"twitter:label1\" content=\"Temps estimat de lectura\" \/>\n\t<meta name=\"twitter:data1\" content=\"4 minuts\" \/>\n<script type=\"application\/ld+json\" class=\"yoast-schema-graph\">{\"@context\":\"https:\/\/schema.org\",\"@graph\":[{\"@type\":\"WebPage\",\"@id\":\"https:\/\/exclusivascongost.com\/empresa-de-reformas-interiorismo-granollers\/\",\"url\":\"https:\/\/exclusivascongost.com\/empresa-de-reformas-interiorismo-granollers\/\",\"name\":\"\u25b7 Empresa de reformas e interiorismo en Granollers\",\"isPartOf\":{\"@id\":\"https:\/\/exclusivascongost.com\/#website\"},\"datePublished\":\"2021-08-03T15:29:14+00:00\",\"dateModified\":\"2021-09-10T11:27:49+00:00\",\"description\":\"\u27a1 Empresa de reformas e interiorismo en Granollers\u3010 Exclusivas Congost \u3011Creamos los espacios de sus sue\u00f1os. Proyectos Personalizados.\",\"breadcrumb\":{\"@id\":\"https:\/\/exclusivascongost.com\/empresa-de-reformas-interiorismo-granollers\/#breadcrumb\"},\"inLanguage\":\"ca\",\"potentialAction\":[{\"@type\":\"ReadAction\",\"target\":[\"https:\/\/exclusivascongost.com\/empresa-de-reformas-interiorismo-granollers\/\"]}]},{\"@type\":\"BreadcrumbList\",\"@id\":\"https:\/\/exclusivascongost.com\/empresa-de-reformas-interiorismo-granollers\/#breadcrumb\",\"itemListElement\":[{\"@type\":\"ListItem\",\"position\":1,\"name\":\"Portada\",\"item\":\"https:\/\/exclusivascongost.com\/\"},{\"@type\":\"ListItem\",\"position\":2,\"name\":\"Empresa de reformas e interiorismo en Granollers\"}]},{\"@type\":\"WebSite\",\"@id\":\"https:\/\/exclusivascongost.com\/#website\",\"url\":\"https:\/\/exclusivascongost.com\/\",\"name\":\"Exclusivas Congost\",\"description\":\"Reformas de pisos en Granollers. \u2705 Reformas de cocina y ba\u00f1os. Colocaci\u00f3n de parquet\",\"potentialAction\":[{\"@type\":\"SearchAction\",\"target\":{\"@type\":\"EntryPoint\",\"urlTemplate\":\"https:\/\/exclusivascongost.com\/?s={search_term_string}\"},\"query-input\":{\"@type\":\"PropertyValueSpecification\",\"valueRequired\":true,\"valueName\":\"search_term_string\"}}],\"inLanguage\":\"ca\"}]}<\/script>\n<!-- \/ Yoast SEO plugin. -->","yoast_head_json":{"title":"\u25b7 Empresa de reformas e interiorismo en Granollers","description":"\u27a1 Empresa de reformas e interiorismo en Granollers\u3010 Exclusivas Congost \u3011Creamos los espacios de sus sue\u00f1os. Proyectos Personalizados.","robots":{"index":"index","follow":"follow","max-snippet":"max-snippet:-1","max-image-preview":"max-image-preview:large","max-video-preview":"max-video-preview:-1"},"canonical":"https:\/\/exclusivascongost.com\/ca\/empresa-de-reformas-interiorismo-granollers\/","og_locale":"ca_ES","og_type":"article","og_title":"\u25b7 Empresa de reformas e interiorismo en Granollers","og_description":"\u27a1 Empresa de reformas e interiorismo en Granollers\u3010 Exclusivas Congost \u3011Creamos los espacios de sus sue\u00f1os. Proyectos Personalizados.","og_url":"https:\/\/exclusivascongost.com\/ca\/empresa-de-reformas-interiorismo-granollers\/","og_site_name":"Exclusivas Congost","article_modified_time":"2021-09-10T11:27:49+00:00","twitter_card":"summary_large_image","twitter_misc":{"Temps estimat de lectura":"4 minuts"},"schema":{"@context":"https:\/\/schema.org","@graph":[{"@type":"WebPage","@id":"https:\/\/exclusivascongost.com\/empresa-de-reformas-interiorismo-granollers\/","url":"https:\/\/exclusivascongost.com\/empresa-de-reformas-interiorismo-granollers\/","name":"\u25b7 Empresa de reformas e interiorismo en Granollers","isPartOf":{"@id":"https:\/\/exclusivascongost.com\/#website"},"datePublished":"2021-08-03T15:29:14+00:00","dateModified":"2021-09-10T11:27:49+00:00","description":"\u27a1 Empresa de reformas e interiorismo en Granollers\u3010 Exclusivas Congost \u3011Creamos los espacios de sus sue\u00f1os. Proyectos Personalizados.","breadcrumb":{"@id":"https:\/\/exclusivascongost.com\/empresa-de-reformas-interiorismo-granollers\/#breadcrumb"},"inLanguage":"ca","potentialAction":[{"@type":"ReadAction","target":["https:\/\/exclusivascongost.com\/empresa-de-reformas-interiorismo-granollers\/"]}]},{"@type":"BreadcrumbList","@id":"https:\/\/exclusivascongost.com\/empresa-de-reformas-interiorismo-granollers\/#breadcrumb","itemListElement":[{"@type":"ListItem","position":1,"name":"Portada","item":"https:\/\/exclusivascongost.com\/"},{"@type":"ListItem","position":2,"name":"Empresa de reformas e interiorismo en Granollers"}]},{"@type":"WebSite","@id":"https:\/\/exclusivascongost.com\/#website","url":"https:\/\/exclusivascongost.com\/","name":"Exclusivas Congost","description":"Reformas de pisos en Granollers. \u2705 Reformas de cocina y ba\u00f1os. Colocaci\u00f3n de parquet","potentialAction":[{"@type":"SearchAction","target":{"@type":"EntryPoint","urlTemplate":"https:\/\/exclusivascongost.com\/?s={search_term_string}"},"query-input":{"@type":"PropertyValueSpecification","valueRequired":true,"valueName":"search_term_string"}}],"inLanguage":"ca"}]}},"_links":{"self":[{"href":"https:\/\/exclusivascongost.com\/ca\/wp-json\/wp\/v2\/pages\/2530"}],"collection":[{"href":"https:\/\/exclusivascongost.com\/ca\/wp-json\/wp\/v2\/pages"}],"about":[{"href":"https:\/\/exclusivascongost.com\/ca\/wp-json\/wp\/v2\/types\/page"}],"author":[{"embeddable":true,"href":"https:\/\/exclusivascongost.com\/ca\/wp-json\/wp\/v2\/users\/2"}],"replies":[{"embeddable":true,"href":"https:\/\/exclusivascongost.com\/ca\/wp-json\/wp\/v2\/comments?post=2530"}],"version-history":[{"count":3,"href":"https:\/\/exclusivascongost.com\/ca\/wp-json\/wp\/v2\/pages\/2530\/revisions"}],"predecessor-version":[{"id":2549,"href":"https:\/\/exclusivascongost.com\/ca\/wp-json\/wp\/v2\/pages\/2530\/revisions\/2549"}],"wp:attachment":[{"href":"https:\/\/exclusivascongost.com\/ca\/wp-json\/wp\/v2\/media?parent=2530"}],"curies":[{"name":"wp","href":"https:\/\/api.w.org\/{rel}","templated":true}]}}